{"id":1221,"date":"2023-08-21T17:53:14","date_gmt":"2023-08-21T17:53:14","guid":{"rendered":"https:\/\/new.unerhoert.ch\/?page_id=1221"},"modified":"2023-08-30T10:54:50","modified_gmt":"2023-08-30T10:54:50","slug":"impressum","status":"publish","type":"page","link":"https:\/\/new.unerhoert.ch\/?page_id=1221","title":{"rendered":"Impressum"},"content":{"rendered":"\t\t<div data-elementor-type=\"wp-page\" data-elementor-id=\"1221\" class=\"elementor elementor-1221\" data-elementor-post-type=\"page\">\n\t\t\t\t\t\t<section class=\"elementor-section elementor-top-section elementor-element elementor-element-43f0999 elementor-section-boxed elementor-section-height-default elementor-section-height-default\" data-id=\"43f0999\" data-element_type=\"section\">\n\t\t\t\t\t\t<div class=\"elementor-container elementor-column-gap-default\">\n\t\t\t\t\t<div class=\"elementor-column elementor-col-100 elementor-top-column elementor-element elementor-element-3f83899\" data-id=\"3f83899\" data-element_type=\"column\">\n\t\t\t<div class=\"elementor-widget-wrap elementor-element-populated\">\n\t\t\t\t\t\t<section class=\"elementor-section elementor-inner-section elementor-element elementor-element-a9e1a70 elementor-section-boxed elementor-section-height-default elementor-section-height-default\" data-id=\"a9e1a70\" data-element_type=\"section\">\n\t\t\t\t\t\t<div class=\"elementor-container elementor-column-gap-default\">\n\t\t\t\t\t<div class=\"elementor-column elementor-col-100 elementor-inner-column elementor-element elementor-element-68e2726\" data-id=\"68e2726\" data-element_type=\"column\">\n\t\t\t<div class=\"elementor-widget-wrap elementor-element-populated\">\n\t\t\t\t\t\t<div class=\"elementor-element elementor-element-af925e9 elementor-widget elementor-widget-text-editor\" data-id=\"af925e9\" data-element_type=\"widget\" data-widget_type=\"text-editor.default\">\n\t\t\t\t<div class=\"elementor-widget-container\">\n\t\t\t<style>\/*! elementor - v3.22.0 - 26-06-2024 *\/\n.elementor-widget-text-editor.elementor-drop-cap-view-stacked .elementor-drop-cap{background-color:#69727d;color:#fff}.elementor-widget-text-editor.elementor-drop-cap-view-framed .elementor-drop-cap{color:#69727d;border:3px solid;background-color:transparent}.elementor-widget-text-editor:not(.elementor-drop-cap-view-default) .elementor-drop-cap{margin-top:8px}.elementor-widget-text-editor:not(.elementor-drop-cap-view-default) .elementor-drop-cap-letter{width:1em;height:1em}.elementor-widget-text-editor .elementor-drop-cap{float:left;text-align:center;line-height:1;font-size:50px}.elementor-widget-text-editor .elementor-drop-cap-letter{display:inline-block}<\/style>\t\t\t\t<p><strong>Adresse:<\/strong><br>unerh\u00f6rt!<br>Postfach<br>8024 Z\u00fcrich<br><a>contact@unerhoert.ch<\/a><\/p>\n<p><strong>Veranstaltungsteam unerh\u00f6rt!-Festival:&nbsp;<\/strong>Florian Keller (Programm), Isabel Eckert (Festivalb\u00fcro), Mirjam Z\u00fcblin (Buchhaltung)<\/p>\n<p><strong>Vorstand des Vereins unerh\u00f6rt!-Festival:&nbsp;<\/strong>Isabel Eckert, Christoph Irniger, Florian Keller, Anna Hirsch, Gregor Binkert<\/p>\n<p><strong>Festivalbeirat:<\/strong>&nbsp;Patrik Landolt, Jonas Schoder, Dieter Ulrich, Omri Ziegele<\/p>\n<p><strong>Mitgr\u00fcnderin &amp; Ehrenmitglied:&nbsp;<\/strong>Ir\u00e8ne Schweizer<\/p>\n<p><strong>Veranstaltungsorte:<\/strong>&nbsp;Pablo Niederberger, Musikbu\u0308ro Rote Fabrik \/ Isabelle Tsch\u00e4ppeler, Moods im Schiffbau \/ Beat Fu\u0308glistaller, AZ Bu\u0308rgerasyl-Pfrundhaus \/ Oliver Cornelius, Mehrspur \/ Annette Bhagwati und Caroline Delley, Museum Rietberg \/ Beat Soller und Regula Huber, \u00d6-TON \/ Alexander Guggenbu\u0308hl und Jonas Ruther, Rank \/ Christoph Irniger, Jazz im Seefeld \/ Flavia Hunger, Theater am Gleis \/ Martin Wigger und Anna Huber, Kulturhaus Helferei \/ Ursina Greuel und Tamaris Mayer, sogar theater \/ Tine Milz, Hayat Erdo\u011fan, Julia Reichert, Theater Neumarkt<\/p>\n<p><strong>Schulen und Hochschulen:<\/strong>&nbsp;Michael Arbenz, Hochschule Luzern, Leiter Abteilung Jazz \/ Gregor Hilbe und Matthias Kohler, Zu\u0308rcher Hochschule der Ku\u0308nste, Leiter Jazz und Pop \/ Urs Sch\u00e4llibaum und Dieter Hool, Kantonsschule Stadelhofen \/ Corinne Elsener, Kantonsschule Ku\u0308snacht \/ Cristoforo Spagnuolo, Kantonsschule Wettingen \/ Christoph Irniger, MKZ<\/p>\n<p><strong>Grafische Gestaltung:&nbsp;<\/strong><a href=\"http:\/\/www.schoder.ch\/\" target=\"_blank\" rel=\"noopener\">Jonas Schoder<\/a><br><strong>Lektorat:<\/strong>&nbsp;Carola K\u00f6hler<br><strong>Druck:<\/strong>&nbsp;<a href=\"http:\/\/www.printoset.ch\/\" target=\"_blank\" rel=\"noopener\">Printoset<\/a><\/p>\n<p><strong>Website:&nbsp;<\/strong>Design &amp;&nbsp;Programmierung: Fabian Oberli<\/p>\n<p><\/p>\n<h3>Copyright<\/h3>\n<p>\u00a9 Die Text- und Bildrechte f\u00fcr alle Inhalte dieser Website liegen bei unerh\u00f6rt! bzw. bei den jeweiligen Fotografen.<\/p>\n<p>Jegliche kommerzielle Verwendung und\/oder Weiterverarbeitung der Abbildungen aus dieser Website sowie der Texte ist nur mit schriftlicher Erlaubnis von unerh\u00f6rt! gestattet.<\/p>\n<p>Die Pressebilder stehen f\u00fcr die redaktionelle Verwendung frei zur Verf\u00fcgung, d\u00fcrfen aber nicht zu kommerziellen oder sonstigen nicht-redaktionellen Zwecken verwendet werden.<\/p>\t\t\t\t\t\t<\/div>\n\t\t\t\t<\/div>\n\t\t\t\t\t<\/div>\n\t\t<\/div>\n\t\t\t\t\t<\/div>\n\t\t<\/section>\n\t\t\t\t\t<\/div>\n\t\t<\/div>\n\t\t\t\t\t<\/div>\n\t\t<\/section>\n\t\t\t\t<\/div>\n\t\t","protected":false},"excerpt":{"rendered":"<p>Adresse:unerh\u00f6rt!Postfach8024 Z\u00fcrichcontact@unerhoert.ch Veranstaltungsteam unerh\u00f6rt!-Festival:&nbsp;Florian Keller (Programm), Isabel Eckert (Festivalb\u00fcro), Mirjam Z\u00fcblin (Buchhaltung) Vorstand des Vereins unerh\u00f6rt!-Festival:&nbsp;Isabel Eckert, Christoph Irniger, Florian Keller, Anna Hirsch, Gregor Binkert Festivalbeirat:&nbsp;Patrik Landolt, Jonas Schoder, Dieter Ulrich, Omri Ziegele Mitgr\u00fcnderin &amp; Ehrenmitglied:&nbsp;Ir\u00e8ne Schweizer Veranstaltungsorte:&nbsp;Pablo Niederberger, Musikbu\u0308ro Rote Fabrik \/ Isabelle Tsch\u00e4ppeler, Moods im Schiffbau \/ Beat Fu\u0308glistaller, AZ Bu\u0308rgerasyl-Pfrundhaus \/ Oliver [&hellip;]<\/p>\n","protected":false},"author":1,"featured_media":0,"parent":0,"menu_order":0,"comment_status":"closed","ping_status":"closed","template":"","meta":{"footnotes":""},"class_list":["post-1221","page","type-page","status-publish","hentry"],"_links":{"self":[{"href":"https:\/\/new.unerhoert.ch\/index.php?rest_route=\/wp\/v2\/pages\/1221","targetHints":{"allow":["GET"]}}],"collection":[{"href":"https:\/\/new.unerhoert.ch\/index.php?rest_route=\/wp\/v2\/pages"}],"about":[{"href":"https:\/\/new.unerhoert.ch\/index.php?rest_route=\/wp\/v2\/types\/page"}],"author":[{"embeddable":true,"href":"https:\/\/new.unerhoert.ch\/index.php?rest_route=\/wp\/v2\/users\/1"}],"replies":[{"embeddable":true,"href":"https:\/\/new.unerhoert.ch\/index.php?rest_route=%2Fwp%2Fv2%2Fcomments&post=1221"}],"version-history":[{"count":10,"href":"https:\/\/new.unerhoert.ch\/index.php?rest_route=\/wp\/v2\/pages\/1221\/revisions"}],"predecessor-version":[{"id":2207,"href":"https:\/\/new.unerhoert.ch\/index.php?rest_route=\/wp\/v2\/pages\/1221\/revisions\/2207"}],"wp:attachment":[{"href":"https:\/\/new.unerhoert.ch\/index.php?rest_route=%2Fwp%2Fv2%2Fmedia&parent=1221"}],"curies":[{"name":"wp","href":"https:\/\/api.w.org\/{rel}","templated":true}]}}